{"id":1039,"date":"2025-01-10T17:27:49","date_gmt":"2025-01-10T16:27:49","guid":{"rendered":"https:\/\/indie.rent\/catalogue\/produit\/cendrier-debout\/"},"modified":"2026-04-16T17:38:24","modified_gmt":"2026-04-16T15:38:24","slug":"cendrier-debout","status":"publish","type":"product","link":"https:\/\/indie.rent\/catalogue\/produit\/cendrier-debout\/","title":{"rendered":"Cendrier Debout"},"content":{"rendered":"<p>Des poubelles-cendriers sont disponible \u00e0 la location chez nous ! <\/p>\n<p>Tr\u00e8s utile sur vos d\u00e9cors fixes ainsi que pour vos tournages en studio. Il peut facilement \u00eatre plac\u00e9 sur vos d\u00e9cors ou autour de vos zones de catering. <br \/>Son poids permet d&#8217;\u00e9viter tout risque de renversement qui pourrai \u00eatre caus\u00e9 par la force du vent ou tout autre catastrophe naturelle !<\/p>\n","protected":false},"excerpt":{"rendered":"<p>Des poubelles-cendriers sont disponible \u00e0 la location chez nous ! Tr\u00e8s utile sur vos d\u00e9cors fixes ainsi que pour vos tournages en studio. Il peut facilement \u00eatre plac\u00e9 sur vos d\u00e9cors ou autour de vos zones de catering. Son poids permet d&#8217;\u00e9viter tout risque de renversement qui pourrai \u00eatre caus\u00e9 par la force du vent [&hellip;]<\/p>\n","protected":false},"featured_media":3591,"template":"","meta":{"inline_featured_image":false},"product_brand":[],"product_cat":[2167],"product_tag":[],"class_list":{"0":"post-1039","1":"product","2":"type-product","3":"status-publish","4":"has-post-thumbnail","6":"product_cat-poubelle","8":"first","9":"instock","10":"taxable","11":"shipping-taxable","12":"purchasable","13":"product-type-rentable"},"acf":[],"_links":{"self":[{"href":"https:\/\/indie.rent\/catalogue\/wp-json\/wp\/v2\/product\/1039","targetHints":{"allow":["GET"]}}],"collection":[{"href":"https:\/\/indie.rent\/catalogue\/wp-json\/wp\/v2\/product"}],"about":[{"href":"https:\/\/indie.rent\/catalogue\/wp-json\/wp\/v2\/types\/product"}],"version-history":[{"count":0,"href":"https:\/\/indie.rent\/catalogue\/wp-json\/wp\/v2\/product\/1039\/revisions"}],"wp:featuredmedia":[{"embeddable":true,"href":"https:\/\/indie.rent\/catalogue\/wp-json\/wp\/v2\/media\/3591"}],"wp:attachment":[{"href":"https:\/\/indie.rent\/catalogue\/wp-json\/wp\/v2\/media?parent=1039"}],"wp:term":[{"taxonomy":"product_brand","embeddable":true,"href":"https:\/\/indie.rent\/catalogue\/wp-json\/wp\/v2\/product_brand?post=1039"},{"taxonomy":"product_cat","embeddable":true,"href":"https:\/\/indie.rent\/catalogue\/wp-json\/wp\/v2\/product_cat?post=1039"},{"taxonomy":"product_tag","embeddable":true,"href":"https:\/\/indie.rent\/catalogue\/wp-json\/wp\/v2\/product_tag?post=1039"}],"curies":[{"name":"wp","href":"https:\/\/api.w.org\/{rel}","templated":true}]}}