{"id":1038,"date":"2025-01-10T17:27:49","date_gmt":"2025-01-10T16:27:49","guid":{"rendered":"https:\/\/indie.rent\/catalogue\/produit\/cafetiere-filtre-avec-2-thermos\/"},"modified":"2026-04-16T17:38:18","modified_gmt":"2026-04-16T15:38:18","slug":"cafetiere-filtre-avec-2-thermos","status":"publish","type":"product","link":"https:\/\/indie.rent\/catalogue\/produit\/cafetiere-filtre-avec-2-thermos\/","title":{"rendered":"Cafeti\u00e8re Filtre avec 2 Thermos"},"content":{"rendered":"<p>Cette cafeti\u00e8re est parfaite pour la mise en place d\u2019une table r\u00e9gie. Elle est fournie avec deux verseuses isotherme pour permettre un plus grand d\u00e9bit de boisson. <br \/>Sa capacit\u00e9 par verseuse est d\u2019environ une quinzaine de caf\u00e9.<\/p>\n","protected":false},"excerpt":{"rendered":"<p>Cette cafeti\u00e8re est parfaite pour la mise en place d\u2019une table r\u00e9gie. Elle est fournie avec deux verseuses isotherme pour permettre un plus grand d\u00e9bit de boisson. Sa capacit\u00e9 par verseuse est d\u2019environ une quinzaine de caf\u00e9.<\/p>\n","protected":false},"featured_media":2817,"template":"","meta":{"inline_featured_image":false},"product_brand":[],"product_cat":[2144],"product_tag":[],"class_list":{"0":"post-1038","1":"product","2":"type-product","3":"status-publish","4":"has-post-thumbnail","6":"product_cat-cafe-boissons","8":"first","9":"instock","10":"taxable","11":"shipping-taxable","12":"purchasable","13":"product-type-rentable"},"acf":[],"_links":{"self":[{"href":"https:\/\/indie.rent\/catalogue\/wp-json\/wp\/v2\/product\/1038","targetHints":{"allow":["GET"]}}],"collection":[{"href":"https:\/\/indie.rent\/catalogue\/wp-json\/wp\/v2\/product"}],"about":[{"href":"https:\/\/indie.rent\/catalogue\/wp-json\/wp\/v2\/types\/product"}],"version-history":[{"count":0,"href":"https:\/\/indie.rent\/catalogue\/wp-json\/wp\/v2\/product\/1038\/revisions"}],"wp:featuredmedia":[{"embeddable":true,"href":"https:\/\/indie.rent\/catalogue\/wp-json\/wp\/v2\/media\/2817"}],"wp:attachment":[{"href":"https:\/\/indie.rent\/catalogue\/wp-json\/wp\/v2\/media?parent=1038"}],"wp:term":[{"taxonomy":"product_brand","embeddable":true,"href":"https:\/\/indie.rent\/catalogue\/wp-json\/wp\/v2\/product_brand?post=1038"},{"taxonomy":"product_cat","embeddable":true,"href":"https:\/\/indie.rent\/catalogue\/wp-json\/wp\/v2\/product_cat?post=1038"},{"taxonomy":"product_tag","embeddable":true,"href":"https:\/\/indie.rent\/catalogue\/wp-json\/wp\/v2\/product_tag?post=1038"}],"curies":[{"name":"wp","href":"https:\/\/api.w.org\/{rel}","templated":true}]}}