{"id":1037,"date":"2025-01-10T17:27:49","date_gmt":"2025-01-10T16:27:49","guid":{"rendered":"https:\/\/indie.rent\/catalogue\/produit\/projecteur-de-chantier-led-5000k-30w\/"},"modified":"2026-04-16T17:36:59","modified_gmt":"2026-04-16T15:36:59","slug":"projecteur-de-chantier-led-5000k-30w","status":"publish","type":"product","link":"https:\/\/indie.rent\/catalogue\/produit\/projecteur-de-chantier-led-5000k-30w\/","title":{"rendered":"Projecteur de Chantier LED 5000K &#8211; 30w"},"content":{"rendered":"<p>Ce projecteur d&#8217;ext\u00e9rieur grand d&#8217;angle de 120\u00b0 a une temp\u00e9rature de couleur de 5000K. <\/p>\n<p>Imperm\u00e9able \u00e0 l&#8217;eau (IP65), il s&#8217;utilise dans n&#8217;importe quelles conditions de travail.<\/p>\n","protected":false},"excerpt":{"rendered":"<p>Ce projecteur d&#8217;ext\u00e9rieur grand d&#8217;angle de 120\u00b0 a une temp\u00e9rature de couleur de 5000K. Imperm\u00e9able \u00e0 l&#8217;eau (IP65), il s&#8217;utilise dans n&#8217;importe quelles conditions de travail.<\/p>\n","protected":false},"featured_media":3588,"template":"","meta":{"inline_featured_image":false},"product_brand":[],"product_cat":[2161],"product_tag":[],"class_list":{"0":"post-1037","1":"product","2":"type-product","3":"status-publish","4":"has-post-thumbnail","6":"product_cat-eclairage-sur-secteur","8":"first","9":"instock","10":"taxable","11":"shipping-taxable","12":"purchasable","13":"product-type-rentable"},"acf":[],"_links":{"self":[{"href":"https:\/\/indie.rent\/catalogue\/wp-json\/wp\/v2\/product\/1037","targetHints":{"allow":["GET"]}}],"collection":[{"href":"https:\/\/indie.rent\/catalogue\/wp-json\/wp\/v2\/product"}],"about":[{"href":"https:\/\/indie.rent\/catalogue\/wp-json\/wp\/v2\/types\/product"}],"version-history":[{"count":0,"href":"https:\/\/indie.rent\/catalogue\/wp-json\/wp\/v2\/product\/1037\/revisions"}],"wp:featuredmedia":[{"embeddable":true,"href":"https:\/\/indie.rent\/catalogue\/wp-json\/wp\/v2\/media\/3588"}],"wp:attachment":[{"href":"https:\/\/indie.rent\/catalogue\/wp-json\/wp\/v2\/media?parent=1037"}],"wp:term":[{"taxonomy":"product_brand","embeddable":true,"href":"https:\/\/indie.rent\/catalogue\/wp-json\/wp\/v2\/product_brand?post=1037"},{"taxonomy":"product_cat","embeddable":true,"href":"https:\/\/indie.rent\/catalogue\/wp-json\/wp\/v2\/product_cat?post=1037"},{"taxonomy":"product_tag","embeddable":true,"href":"https:\/\/indie.rent\/catalogue\/wp-json\/wp\/v2\/product_tag?post=1037"}],"curies":[{"name":"wp","href":"https:\/\/api.w.org\/{rel}","templated":true}]}}