{"id":1036,"date":"2025-01-10T17:27:48","date_gmt":"2025-01-10T16:27:48","guid":{"rendered":"https:\/\/indie.rent\/catalogue\/produit\/extincteur-poudre-2-kg\/"},"modified":"2026-04-15T17:28:46","modified_gmt":"2026-04-15T15:28:46","slug":"extincteur-poudre-2-kg","status":"publish","type":"product","link":"https:\/\/indie.rent\/catalogue\/produit\/extincteur-poudre-2-kg\/","title":{"rendered":"Extincteur Poudre 2 kg"},"content":{"rendered":"<p>Extincteur \u00e0 poudre s\u00e8che 1kg, adapt\u00e9 aux feux de classe A, B et C : feux de mat\u00e9riaux solides, feux de liquides et feux de gaz.<br \/>Petit format tr\u00e8s pratique dans une voiture, une caravane ou sur un bateau.<\/p>\n<p>Conforme aux exigences l\u00e9gales et r\u00e9glementaires europ\u00e9ennes.<\/p>\n<p>Retour du mat\u00e9riel non utilis\u00e9.<\/p>\n<p>En cas d&#8217;utilisation, l&#8217;extincteur sera refactur\u00e9 80\u20ac HT<\/p>\n<p>Attention : L&#8217;extincteur doit imp\u00e9rativement \u00eatre stock\u00e9 debout (position vertical \/ propulsion vers le haut)<\/p>\n","protected":false},"excerpt":{"rendered":"<p>Extincteur \u00e0 poudre s\u00e8che 1kg, adapt\u00e9 aux feux de classe A, B et C : feux de mat\u00e9riaux solides, feux de liquides et feux de gaz.Petit format tr\u00e8s pratique dans une voiture, une caravane ou sur un bateau. Conforme aux exigences l\u00e9gales et r\u00e9glementaires europ\u00e9ennes. Retour du mat\u00e9riel non utilis\u00e9. En cas d&#8217;utilisation, l&#8217;extincteur sera [&hellip;]<\/p>\n","protected":false},"featured_media":3587,"template":"","meta":{"inline_featured_image":false},"product_brand":[],"product_cat":[2153],"product_tag":[],"class_list":{"0":"post-1036","1":"product","2":"type-product","3":"status-publish","4":"has-post-thumbnail","6":"product_cat-incendie","8":"first","9":"instock","10":"taxable","11":"shipping-taxable","12":"purchasable","13":"product-type-rentable"},"acf":[],"_links":{"self":[{"href":"https:\/\/indie.rent\/catalogue\/wp-json\/wp\/v2\/product\/1036","targetHints":{"allow":["GET"]}}],"collection":[{"href":"https:\/\/indie.rent\/catalogue\/wp-json\/wp\/v2\/product"}],"about":[{"href":"https:\/\/indie.rent\/catalogue\/wp-json\/wp\/v2\/types\/product"}],"version-history":[{"count":0,"href":"https:\/\/indie.rent\/catalogue\/wp-json\/wp\/v2\/product\/1036\/revisions"}],"wp:featuredmedia":[{"embeddable":true,"href":"https:\/\/indie.rent\/catalogue\/wp-json\/wp\/v2\/media\/3587"}],"wp:attachment":[{"href":"https:\/\/indie.rent\/catalogue\/wp-json\/wp\/v2\/media?parent=1036"}],"wp:term":[{"taxonomy":"product_brand","embeddable":true,"href":"https:\/\/indie.rent\/catalogue\/wp-json\/wp\/v2\/product_brand?post=1036"},{"taxonomy":"product_cat","embeddable":true,"href":"https:\/\/indie.rent\/catalogue\/wp-json\/wp\/v2\/product_cat?post=1036"},{"taxonomy":"product_tag","embeddable":true,"href":"https:\/\/indie.rent\/catalogue\/wp-json\/wp\/v2\/product_tag?post=1036"}],"curies":[{"name":"wp","href":"https:\/\/api.w.org\/{rel}","templated":true}]}}