{"id":1035,"date":"2025-01-10T17:27:48","date_gmt":"2025-01-10T16:27:48","guid":{"rendered":"https:\/\/indie.rent\/catalogue\/produit\/set-complet-balai-a-plat-microfibre-avec-seau-essoreur-ultramax-power-2en1\/"},"modified":"2026-04-16T17:36:47","modified_gmt":"2026-04-16T15:36:47","slug":"set-complet-balai-a-plat-microfibre-avec-seau-essoreur-ultramax-power-2en1","status":"publish","type":"product","link":"https:\/\/indie.rent\/catalogue\/produit\/set-complet-balai-a-plat-microfibre-avec-seau-essoreur-ultramax-power-2en1\/","title":{"rendered":"Set Complet Balai \u00e0 Plat Microfibre avec Seau-Essoreur &#8211; UltraMax Power 2en1"},"content":{"rendered":"<p>Le balai Ultramax poss\u00e8de une t\u00eate pivotante et plate pour nettoyer facilement sous les meubles. Sa housse microfibre poss\u00e8de des fibres blanches pour absorber et des fibres rouges d\u00e9graisser et d\u00e9sincruster les t\u00e2ches les plus tenaces. Son seau permet un essorage ultra-performant, sans se mouiller les mains et sa housse microfibre est lavable en machine jusque 60\u00b0C.<\/p>\n","protected":false},"excerpt":{"rendered":"<p>Le balai Ultramax poss\u00e8de une t\u00eate pivotante et plate pour nettoyer facilement sous les meubles. Sa housse microfibre poss\u00e8de des fibres blanches pour absorber et des fibres rouges d\u00e9graisser et d\u00e9sincruster les t\u00e2ches les plus tenaces. Son seau permet un essorage ultra-performant, sans se mouiller les mains et sa housse microfibre est lavable en machine [&hellip;]<\/p>\n","protected":false},"featured_media":3586,"template":"","meta":{"inline_featured_image":false},"product_brand":[],"product_cat":[2166],"product_tag":[],"class_list":{"0":"post-1035","1":"product","2":"type-product","3":"status-publish","4":"has-post-thumbnail","6":"product_cat-menage","8":"first","9":"instock","10":"taxable","11":"shipping-taxable","12":"purchasable","13":"product-type-rentable"},"acf":[],"_links":{"self":[{"href":"https:\/\/indie.rent\/catalogue\/wp-json\/wp\/v2\/product\/1035","targetHints":{"allow":["GET"]}}],"collection":[{"href":"https:\/\/indie.rent\/catalogue\/wp-json\/wp\/v2\/product"}],"about":[{"href":"https:\/\/indie.rent\/catalogue\/wp-json\/wp\/v2\/types\/product"}],"version-history":[{"count":0,"href":"https:\/\/indie.rent\/catalogue\/wp-json\/wp\/v2\/product\/1035\/revisions"}],"wp:featuredmedia":[{"embeddable":true,"href":"https:\/\/indie.rent\/catalogue\/wp-json\/wp\/v2\/media\/3586"}],"wp:attachment":[{"href":"https:\/\/indie.rent\/catalogue\/wp-json\/wp\/v2\/media?parent=1035"}],"wp:term":[{"taxonomy":"product_brand","embeddable":true,"href":"https:\/\/indie.rent\/catalogue\/wp-json\/wp\/v2\/product_brand?post=1035"},{"taxonomy":"product_cat","embeddable":true,"href":"https:\/\/indie.rent\/catalogue\/wp-json\/wp\/v2\/product_cat?post=1035"},{"taxonomy":"product_tag","embeddable":true,"href":"https:\/\/indie.rent\/catalogue\/wp-json\/wp\/v2\/product_tag?post=1035"}],"curies":[{"name":"wp","href":"https:\/\/api.w.org\/{rel}","templated":true}]}}