{"id":1032,"date":"2025-01-10T17:27:47","date_gmt":"2025-01-10T16:27:47","guid":{"rendered":"https:\/\/indie.rent\/catalogue\/produit\/multi-tiroir-plastique\/"},"modified":"2026-04-16T17:32:24","modified_gmt":"2026-04-16T15:32:24","slug":"multi-tiroir-plastique","status":"publish","type":"product","link":"https:\/\/indie.rent\/catalogue\/produit\/multi-tiroir-plastique\/","title":{"rendered":"Multi-tiroir plastique"},"content":{"rendered":"<p>Ce petit meuble poss\u00e9dant 3 tiroirs est id\u00e9al pour le rangement de la table r\u00e9gie. <br \/>Ses 3 compartiments peuvent \u00eatre utiles pour y stocker des touillettes, sachets de sucre, th\u00e9 etc\u2026<br \/>Tr\u00e8s l\u00e9ger et compact, il se stocke facilement. <\/p>\n<p>Format en cm (L x l x h) : 21 x 14 x 21<\/p>\n","protected":false},"excerpt":{"rendered":"<p>Ce petit meuble poss\u00e9dant 3 tiroirs est id\u00e9al pour le rangement de la table r\u00e9gie. Ses 3 compartiments peuvent \u00eatre utiles pour y stocker des touillettes, sachets de sucre, th\u00e9 etc\u2026Tr\u00e8s l\u00e9ger et compact, il se stocke facilement. Format en cm (L x l x h) : 21 x 14 x 21<\/p>\n","protected":false},"featured_media":2322,"template":"","meta":{"inline_featured_image":false},"product_brand":[],"product_cat":[2145],"product_tag":[],"class_list":{"0":"post-1032","1":"product","2":"type-product","3":"status-publish","4":"has-post-thumbnail","6":"product_cat-service","8":"first","9":"instock","10":"taxable","11":"shipping-taxable","12":"purchasable","13":"product-type-rentable"},"acf":[],"_links":{"self":[{"href":"https:\/\/indie.rent\/catalogue\/wp-json\/wp\/v2\/product\/1032","targetHints":{"allow":["GET"]}}],"collection":[{"href":"https:\/\/indie.rent\/catalogue\/wp-json\/wp\/v2\/product"}],"about":[{"href":"https:\/\/indie.rent\/catalogue\/wp-json\/wp\/v2\/types\/product"}],"version-history":[{"count":0,"href":"https:\/\/indie.rent\/catalogue\/wp-json\/wp\/v2\/product\/1032\/revisions"}],"wp:featuredmedia":[{"embeddable":true,"href":"https:\/\/indie.rent\/catalogue\/wp-json\/wp\/v2\/media\/2322"}],"wp:attachment":[{"href":"https:\/\/indie.rent\/catalogue\/wp-json\/wp\/v2\/media?parent=1032"}],"wp:term":[{"taxonomy":"product_brand","embeddable":true,"href":"https:\/\/indie.rent\/catalogue\/wp-json\/wp\/v2\/product_brand?post=1032"},{"taxonomy":"product_cat","embeddable":true,"href":"https:\/\/indie.rent\/catalogue\/wp-json\/wp\/v2\/product_cat?post=1032"},{"taxonomy":"product_tag","embeddable":true,"href":"https:\/\/indie.rent\/catalogue\/wp-json\/wp\/v2\/product_tag?post=1032"}],"curies":[{"name":"wp","href":"https:\/\/api.w.org\/{rel}","templated":true}]}}