{"id":1031,"date":"2025-01-10T17:27:47","date_gmt":"2025-01-10T16:27:47","guid":{"rendered":"https:\/\/indie.rent\/catalogue\/produit\/table-de-camping\/"},"modified":"2026-04-16T17:31:39","modified_gmt":"2026-04-16T15:31:39","slug":"table-de-camping","status":"publish","type":"product","link":"https:\/\/indie.rent\/catalogue\/produit\/table-de-camping\/","title":{"rendered":"Table de camping"},"content":{"rendered":"<p>Des tables de camping sont disponibles \u00e0 la location chez Indie ! <br \/>Cette table peut permettre de manger confortablement \u00e0 4 personnes et convenablement \u00e0 6 personnes.<\/p>\n<p>Caract\u00e9ristiques : <br \/>Dimensions table d\u00e9pli\u00e9e : 120cm par 60cm<br \/>position basse : 50cm de hauteur<br \/>position haute : 70cm de hauteur <br \/>Dimensions table d\u00e9pli\u00e9e : 60&#215;60 cm \/ \u00e9paisseur de 7cm.<br \/>Charge maximale de 50 kg.<\/p>\n","protected":false},"excerpt":{"rendered":"<p>Des tables de camping sont disponibles \u00e0 la location chez Indie ! Cette table peut permettre de manger confortablement \u00e0 4 personnes et convenablement \u00e0 6 personnes. Caract\u00e9ristiques : Dimensions table d\u00e9pli\u00e9e : 120cm par 60cmposition basse : 50cm de hauteurposition haute : 70cm de hauteur Dimensions table d\u00e9pli\u00e9e : 60&#215;60 cm \/ \u00e9paisseur de [&hellip;]<\/p>\n","protected":false},"featured_media":2320,"template":"","meta":{"inline_featured_image":false},"product_brand":[],"product_cat":[2136],"product_tag":[],"class_list":{"0":"post-1031","1":"product","2":"type-product","3":"status-publish","4":"has-post-thumbnail","6":"product_cat-tables","8":"first","9":"instock","10":"taxable","11":"shipping-taxable","12":"purchasable","13":"product-type-rentable"},"acf":[],"_links":{"self":[{"href":"https:\/\/indie.rent\/catalogue\/wp-json\/wp\/v2\/product\/1031","targetHints":{"allow":["GET"]}}],"collection":[{"href":"https:\/\/indie.rent\/catalogue\/wp-json\/wp\/v2\/product"}],"about":[{"href":"https:\/\/indie.rent\/catalogue\/wp-json\/wp\/v2\/types\/product"}],"version-history":[{"count":0,"href":"https:\/\/indie.rent\/catalogue\/wp-json\/wp\/v2\/product\/1031\/revisions"}],"wp:featuredmedia":[{"embeddable":true,"href":"https:\/\/indie.rent\/catalogue\/wp-json\/wp\/v2\/media\/2320"}],"wp:attachment":[{"href":"https:\/\/indie.rent\/catalogue\/wp-json\/wp\/v2\/media?parent=1031"}],"wp:term":[{"taxonomy":"product_brand","embeddable":true,"href":"https:\/\/indie.rent\/catalogue\/wp-json\/wp\/v2\/product_brand?post=1031"},{"taxonomy":"product_cat","embeddable":true,"href":"https:\/\/indie.rent\/catalogue\/wp-json\/wp\/v2\/product_cat?post=1031"},{"taxonomy":"product_tag","embeddable":true,"href":"https:\/\/indie.rent\/catalogue\/wp-json\/wp\/v2\/product_tag?post=1031"}],"curies":[{"name":"wp","href":"https:\/\/api.w.org\/{rel}","templated":true}]}}