{"id":1014,"date":"2025-01-10T17:27:43","date_gmt":"2025-01-10T16:27:43","guid":{"rendered":"https:\/\/indie.rent\/catalogue\/produit\/table-de-regie-pliante\/"},"modified":"2026-04-16T17:14:23","modified_gmt":"2026-04-16T15:14:23","slug":"table-de-regie-pliante","status":"publish","type":"product","link":"https:\/\/indie.rent\/catalogue\/produit\/table-de-regie-pliante\/","title":{"rendered":"Table de R\u00e9gie Pliante"},"content":{"rendered":"<p>Cet table pliante est tr\u00e8s solide et facile d&#8217;entretien. Elle convient pour des tournages en int\u00e9rieur comme en ext\u00e9rieur par divers temps. Les pieds s&#8217;encastrent dans l&#8217;\u00e9paisseur du plateau pour un encombrement minimal. Grace \u00e0 sa poign\u00e9e et des ouverture sur les cot\u00e9s, elle permet une prise en main facile pour le transport. <\/p>\n<p>D\u00e9pli\u00e9, elle mesure 183cm de longueur pour 76cm de largeur et. a une hauteur de 74cm. Pli\u00e9e, elle se compacte et mesure 91cm par 76cm et est \u00e9pais de 9cm. Son poids est de 14kg. <\/p>\n<p>Disponible en blanche et en noir (selon disponibilit\u00e9)<\/p>\n","protected":false},"excerpt":{"rendered":"<p>Cet table pliante est tr\u00e8s solide et facile d&#8217;entretien. Elle convient pour des tournages en int\u00e9rieur comme en ext\u00e9rieur par divers temps. Les pieds s&#8217;encastrent dans l&#8217;\u00e9paisseur du plateau pour un encombrement minimal. Grace \u00e0 sa poign\u00e9e et des ouverture sur les cot\u00e9s, elle permet une prise en main facile pour le transport. D\u00e9pli\u00e9, elle [&hellip;]<\/p>\n","protected":false},"featured_media":2815,"template":"","meta":{"inline_featured_image":false},"product_brand":[],"product_cat":[2136],"product_tag":[],"class_list":{"0":"post-1014","1":"product","2":"type-product","3":"status-publish","4":"has-post-thumbnail","6":"product_cat-tables","8":"first","9":"instock","10":"taxable","11":"shipping-taxable","12":"purchasable","13":"product-type-rentable"},"acf":[],"_links":{"self":[{"href":"https:\/\/indie.rent\/catalogue\/wp-json\/wp\/v2\/product\/1014","targetHints":{"allow":["GET"]}}],"collection":[{"href":"https:\/\/indie.rent\/catalogue\/wp-json\/wp\/v2\/product"}],"about":[{"href":"https:\/\/indie.rent\/catalogue\/wp-json\/wp\/v2\/types\/product"}],"version-history":[{"count":0,"href":"https:\/\/indie.rent\/catalogue\/wp-json\/wp\/v2\/product\/1014\/revisions"}],"wp:featuredmedia":[{"embeddable":true,"href":"https:\/\/indie.rent\/catalogue\/wp-json\/wp\/v2\/media\/2815"}],"wp:attachment":[{"href":"https:\/\/indie.rent\/catalogue\/wp-json\/wp\/v2\/media?parent=1014"}],"wp:term":[{"taxonomy":"product_brand","embeddable":true,"href":"https:\/\/indie.rent\/catalogue\/wp-json\/wp\/v2\/product_brand?post=1014"},{"taxonomy":"product_cat","embeddable":true,"href":"https:\/\/indie.rent\/catalogue\/wp-json\/wp\/v2\/product_cat?post=1014"},{"taxonomy":"product_tag","embeddable":true,"href":"https:\/\/indie.rent\/catalogue\/wp-json\/wp\/v2\/product_tag?post=1014"}],"curies":[{"name":"wp","href":"https:\/\/api.w.org\/{rel}","templated":true}]}}