{"id":1013,"date":"2025-01-10T17:27:42","date_gmt":"2025-01-10T16:27:42","guid":{"rendered":"https:\/\/indie.rent\/catalogue\/produit\/grand-portant-pliable-l-x-150cm\/"},"modified":"2026-04-15T17:14:14","modified_gmt":"2026-04-15T15:14:14","slug":"grand-portant-pliable-l-x-150cm","status":"publish","type":"product","link":"https:\/\/indie.rent\/catalogue\/produit\/grand-portant-pliable-l-x-150cm\/","title":{"rendered":"Grand Portant pliable &#8211; L x 150cm"},"content":{"rendered":"<p>Des portants pliables sont disponibles \u00e0 la location chez nous ! <\/p>\n<p>Caract\u00e9ristiques : <br \/>Portant pliable sur roulette pour faciliter le d\u00e9placement <br \/>Longueur 140cm <br \/>Hauteur r\u00e9glable<\/p>\n","protected":false},"excerpt":{"rendered":"<p>Des portants pliables sont disponibles \u00e0 la location chez nous ! Caract\u00e9ristiques : Portant pliable sur roulette pour faciliter le d\u00e9placement Longueur 140cm Hauteur r\u00e9glable<\/p>\n","protected":false},"featured_media":3527,"template":"","meta":{"inline_featured_image":false},"product_brand":[],"product_cat":[2150],"product_tag":[],"class_list":{"0":"post-1013","1":"product","2":"type-product","3":"status-publish","4":"has-post-thumbnail","6":"product_cat-loge","8":"first","9":"instock","10":"taxable","11":"shipping-taxable","12":"purchasable","13":"product-type-rentable"},"acf":[],"_links":{"self":[{"href":"https:\/\/indie.rent\/catalogue\/wp-json\/wp\/v2\/product\/1013","targetHints":{"allow":["GET"]}}],"collection":[{"href":"https:\/\/indie.rent\/catalogue\/wp-json\/wp\/v2\/product"}],"about":[{"href":"https:\/\/indie.rent\/catalogue\/wp-json\/wp\/v2\/types\/product"}],"version-history":[{"count":0,"href":"https:\/\/indie.rent\/catalogue\/wp-json\/wp\/v2\/product\/1013\/revisions"}],"wp:featuredmedia":[{"embeddable":true,"href":"https:\/\/indie.rent\/catalogue\/wp-json\/wp\/v2\/media\/3527"}],"wp:attachment":[{"href":"https:\/\/indie.rent\/catalogue\/wp-json\/wp\/v2\/media?parent=1013"}],"wp:term":[{"taxonomy":"product_brand","embeddable":true,"href":"https:\/\/indie.rent\/catalogue\/wp-json\/wp\/v2\/product_brand?post=1013"},{"taxonomy":"product_cat","embeddable":true,"href":"https:\/\/indie.rent\/catalogue\/wp-json\/wp\/v2\/product_cat?post=1013"},{"taxonomy":"product_tag","embeddable":true,"href":"https:\/\/indie.rent\/catalogue\/wp-json\/wp\/v2\/product_tag?post=1013"}],"curies":[{"name":"wp","href":"https:\/\/api.w.org\/{rel}","templated":true}]}}