{"id":1003,"date":"2025-01-10T17:27:40","date_gmt":"2025-01-10T16:27:40","guid":{"rendered":"https:\/\/indie.rent\/catalogue\/produit\/thermos-1l\/"},"modified":"2026-04-16T14:00:35","modified_gmt":"2026-04-16T12:00:35","slug":"thermos-1l","status":"publish","type":"product","link":"https:\/\/indie.rent\/catalogue\/produit\/thermos-1l\/","title":{"rendered":"Thermos 1L"},"content":{"rendered":"<p>Ce thermos est id\u00e9al pour vos tournages en ext\u00e9rieur. Il permet un stockage simple et rapide de vos boissons chaudes et permet un encombrement moindre. <br \/>Sa capacit\u00e9 est d\u20191L.<\/p>\n","protected":false},"excerpt":{"rendered":"<p>Ce thermos est id\u00e9al pour vos tournages en ext\u00e9rieur. Il permet un stockage simple et rapide de vos boissons chaudes et permet un encombrement moindre. Sa capacit\u00e9 est d\u20191L.<\/p>\n","protected":false},"featured_media":3675,"template":"","meta":{"inline_featured_image":false},"product_brand":[],"product_cat":[2144],"product_tag":[],"class_list":{"0":"post-1003","1":"product","2":"type-product","3":"status-publish","4":"has-post-thumbnail","6":"product_cat-cafe-boissons","8":"first","9":"instock","10":"taxable","11":"shipping-taxable","12":"purchasable","13":"product-type-rentable"},"acf":[],"_links":{"self":[{"href":"https:\/\/indie.rent\/catalogue\/wp-json\/wp\/v2\/product\/1003","targetHints":{"allow":["GET"]}}],"collection":[{"href":"https:\/\/indie.rent\/catalogue\/wp-json\/wp\/v2\/product"}],"about":[{"href":"https:\/\/indie.rent\/catalogue\/wp-json\/wp\/v2\/types\/product"}],"version-history":[{"count":0,"href":"https:\/\/indie.rent\/catalogue\/wp-json\/wp\/v2\/product\/1003\/revisions"}],"wp:featuredmedia":[{"embeddable":true,"href":"https:\/\/indie.rent\/catalogue\/wp-json\/wp\/v2\/media\/3675"}],"wp:attachment":[{"href":"https:\/\/indie.rent\/catalogue\/wp-json\/wp\/v2\/media?parent=1003"}],"wp:term":[{"taxonomy":"product_brand","embeddable":true,"href":"https:\/\/indie.rent\/catalogue\/wp-json\/wp\/v2\/product_brand?post=1003"},{"taxonomy":"product_cat","embeddable":true,"href":"https:\/\/indie.rent\/catalogue\/wp-json\/wp\/v2\/product_cat?post=1003"},{"taxonomy":"product_tag","embeddable":true,"href":"https:\/\/indie.rent\/catalogue\/wp-json\/wp\/v2\/product_tag?post=1003"}],"curies":[{"name":"wp","href":"https:\/\/api.w.org\/{rel}","templated":true}]}}