{"id":17,"date":"2024-12-09T14:52:47","date_gmt":"2024-12-09T13:52:47","guid":{"rendered":"https:\/\/indie.rent\/catalogue\/?page_id=17"},"modified":"2025-05-09T09:24:15","modified_gmt":"2025-05-09T07:24:15","slug":"remboursements_retours","status":"publish","type":"page","link":"https:\/\/indie.rent\/catalogue\/remboursements_retours\/","title":{"rendered":"Politique en mati\u00e8re de remboursements et de retours"},"content":{"rendered":"\t\t<div data-elementor-type=\"wp-page\" data-elementor-id=\"17\" class=\"elementor elementor-17\" data-elementor-post-type=\"page\">\n\t\t\t\t<div class=\"elementor-element elementor-element-2793a37 e-flex e-con-boxed e-con e-parent\" data-id=\"2793a37\" data-element_type=\"container\">\n\t\t\t\t\t<div class=\"e-con-inner\">\n\t\t\t\t<div class=\"elementor-element elementor-element-bbdf0a9 elementor-widget elementor-widget-heading\" data-id=\"bbdf0a9\" data-element_type=\"widget\" data-widget_type=\"heading.default\">\n\t\t\t\t<div class=\"elementor-widget-container\">\n\t\t\t\t\t<h2 class=\"elementor-heading-title elementor-size-default\">Conditions g\u00e9n\u00e9rales<\/h2>\t\t\t\t<\/div>\n\t\t\t\t<\/div>\n\t\t\t\t<div class=\"elementor-element elementor-element-7fb9bbfb elementor-widget elementor-widget-text-editor\" data-id=\"7fb9bbfb\" data-element_type=\"widget\" data-widget_type=\"text-editor.default\">\n\t\t\t\t<div class=\"elementor-widget-container\"><p class=\"p1\">Chez Indie, nous avons \u00e0 c\u0153ur de vous offrir une exp\u00e9rience transparente, s\u00e9curis\u00e9e et adapt\u00e9e \u00e0 vos besoins.<\/p>\n<p class=\"p1\">Pour cela, nous mettons \u00e0 votre disposition les documents essentiels qui encadrent nos prestations et nos services :<\/p>\n<p class=\"p2\">\u2022 <a href=\"https:\/\/dgwl5f41b5pbk.cloudfront.net\/legals\/u9DgmGdrh0BAcvd6PKE69EsMJRaQqzbEdHBMTsMe.pdf\"><b>Conditions g\u00e9n\u00e9rales de location<\/b><\/a> : elles d\u00e9taillent les modalit\u00e9s, obligations et droits li\u00e9s \u00e0 la location de notre mat\u00e9riel, afin que chaque engagement soit clair d\u00e8s le d\u00e9part.<\/p>\n<p class=\"p2\">\u2022 <a href=\"https:\/\/indie.rent\/catalogue\/remboursements_retours\/#:~:text=Notices%20d%27info%20d%27assurance\"><b>Notice d\u2019information d\u2019assurance<\/b><\/a> : elle vous informe des garanties, des exclusions et des proc\u00e9dures \u00e0 suivre en cas de sinistre, pour que vous soyez pleinement conscient des protections mises en place.<\/p>\n<p class=\"p2\">\u2022 <a href=\"https:\/\/dgwl5f41b5pbk.cloudfront.net\/legals\/m7zZbtwltuyO11OEZY7QXL0OpSxQcRB49obqEGFD.pdf\"><b>Coefficient d\u00e9gressif par jours<\/b><\/a> : ce tableau vous pr\u00e9sente la grille tarifaire d\u00e9gressive appliqu\u00e9e selon la dur\u00e9e de location, vous permettant d\u2019anticiper vos budgets en toute transparence.<\/p>\n<p class=\"p1\">Nous vous invitons \u00e0 consulter attentivement ces documents avant toute r\u00e9servation afin de garantir une parfaite compr\u00e9hension des conditions applicables.<\/p>\n<p>Les<strong> frais de gestions<\/strong> couvrent le temps pass\u00e9 \u00e0 la pr\u00e9paration administrative de votre dossier (devis, coordination, suivi, facturation et participation \u00e0 l&#8217;assurance), ainsi que la mobilisation de notre \u00e9quipe pour garantir le bon d\u00e9roulement de votre film.<\/p><\/div>\n\t\t\t\t<\/div>\n\t\t\t\t\t<\/div>\n\t\t\t\t<\/div>\t\t<\/div>\n\t\t","protected":false},"excerpt":{"rendered":"<p>Conditions g\u00e9n\u00e9rales Chez Indie, nous avons \u00e0 c\u0153ur de vous offrir une exp\u00e9rience transparente, s\u00e9curis\u00e9e et adapt\u00e9e \u00e0 vos besoins. Pour cela, nous mettons \u00e0 votre disposition les documents essentiels qui encadrent nos prestations et nos services : \u2022 Conditions g\u00e9n\u00e9rales de location : elles d\u00e9taillent les modalit\u00e9s, obligations et droits li\u00e9s \u00e0 la location [&hellip;]<\/p>\n","protected":false},"author":1,"featured_media":0,"parent":0,"menu_order":0,"comment_status":"closed","ping_status":"closed","template":"","meta":{"inline_featured_image":false,"footnotes":""},"class_list":["post-17","page","type-page","status-publish","hentry"],"acf":[],"_links":{"self":[{"href":"https:\/\/indie.rent\/catalogue\/wp-json\/wp\/v2\/pages\/17","targetHints":{"allow":["GET"]}}],"collection":[{"href":"https:\/\/indie.rent\/catalogue\/wp-json\/wp\/v2\/pages"}],"about":[{"href":"https:\/\/indie.rent\/catalogue\/wp-json\/wp\/v2\/types\/page"}],"author":[{"embeddable":true,"href":"https:\/\/indie.rent\/catalogue\/wp-json\/wp\/v2\/users\/1"}],"replies":[{"embeddable":true,"href":"https:\/\/indie.rent\/catalogue\/wp-json\/wp\/v2\/comments?post=17"}],"version-history":[{"count":0,"href":"https:\/\/indie.rent\/catalogue\/wp-json\/wp\/v2\/pages\/17\/revisions"}],"wp:attachment":[{"href":"https:\/\/indie.rent\/catalogue\/wp-json\/wp\/v2\/media?parent=17"}],"curies":[{"name":"wp","href":"https:\/\/api.w.org\/{rel}","templated":true}]}}